{"id":19,"date":"2020-11-03T11:27:23","date_gmt":"2020-11-03T10:27:23","guid":{"rendered":"https:\/\/testsida.dk\/?page_id=19"},"modified":"2026-03-25T10:13:50","modified_gmt":"2026-03-25T09:13:50","slug":"kontakt","status":"publish","type":"page","link":"https:\/\/demo4.billigforetagshemsida.se\/?page_id=19","title":{"rendered":"Kontakt"},"content":{"rendered":"<h2>Kontakta oss<\/h2>\t\t\n<p>Fyll i nedanst\u00e5ende kontaktformul\u00e4r s\u00e5 \u00e5terkommer vi till dig.<\/p>\n<p>Vi bjuder p\u00e5 en kostnadsfri konsultation g\u00e4llande fr\u00e5gor om sjukskrivningsprocessen, rehabilitering och arbets\u00e5terg\u00e5ng.\u00a0<\/p>\n\n<div class=\"wpcf7 no-js\" id=\"wpcf7-f14178-o1\" lang=\"sv-SE\" dir=\"ltr\" data-wpcf7-id=\"14178\">\n<div class=\"screen-reader-response\"><p role=\"status\" aria-live=\"polite\" aria-atomic=\"true\"><\/p> <ul><\/ul><\/div>\n<form action=\"\/index.php?rest_route=%2Fwp%2Fv2%2Fpages%2F19#wpcf7-f14178-o1\" method=\"post\" class=\"wpcf7-form init\" aria-label=\"Kontaktformul\u00e4r\" novalidate=\"novalidate\" data-status=\"init\">\n<fieldset class=\"hidden-fields-container\"><input type=\"hidden\" name=\"_wpcf7\" value=\"14178\" \/><input type=\"hidden\" name=\"_wpcf7_version\" value=\"6.1.5\" \/><input type=\"hidden\" name=\"_wpcf7_locale\" value=\"sv_SE\" \/><input type=\"hidden\" name=\"_wpcf7_unit_tag\" value=\"wpcf7-f14178-o1\" \/><input type=\"hidden\" name=\"_wpcf7_container_post\" value=\"0\" \/><input type=\"hidden\" name=\"_wpcf7_posted_data_hash\" value=\"\" \/>\n<\/fieldset>\n<p><label> Ditt namn<br \/>\n<span class=\"wpcf7-form-control-wrap\" data-name=\"your-name\"><input size=\"40\" maxlength=\"400\" class=\"wpcf7-form-control wpcf7-text wpcf7-validates-as-required\" autocomplete=\"name\" aria-required=\"true\" aria-invalid=\"false\" value=\"\" type=\"text\" name=\"your-name\" \/><\/span> <\/label>\n<\/p>\n<p><label> Din e-post<br \/>\n<span class=\"wpcf7-form-control-wrap\" data-name=\"your-email\"><input size=\"40\" maxlength=\"400\" class=\"wpcf7-form-control wpcf7-email wpcf7-validates-as-required wpcf7-text wpcf7-validates-as-email\" autocomplete=\"email\" aria-required=\"true\" aria-invalid=\"false\" value=\"\" type=\"email\" name=\"your-email\" \/><\/span> <\/label>\n<\/p>\n<p><label> \u00c4mne<br \/>\n<span class=\"wpcf7-form-control-wrap\" data-name=\"your-subject\"><input size=\"40\" maxlength=\"400\" class=\"wpcf7-form-control wpcf7-text wpcf7-validates-as-required\" aria-required=\"true\" aria-invalid=\"false\" value=\"\" type=\"text\" name=\"your-subject\" \/><\/span> <\/label>\n<\/p>\n<p><label> Ditt meddelande (valfritt)<br \/>\n<span class=\"wpcf7-form-control-wrap\" data-name=\"your-message\"><textarea cols=\"40\" rows=\"10\" maxlength=\"2000\" class=\"wpcf7-form-control wpcf7-textarea\" aria-invalid=\"false\" name=\"your-message\"><\/textarea><\/span> <\/label>\n<\/p>\n<p><input class=\"wpcf7-form-control wpcf7-submit has-spinner\" type=\"submit\" value=\"Skicka\" \/>\n<\/p><div class=\"wpcf7-response-output\" aria-hidden=\"true\"><\/div>\n<\/form>\n<\/div>\n<p>Kom ih\u00e5g att du som arbetsgivare f\u00e5r tillbaka halva kostnaden fr\u00e5n F\u00f6rs\u00e4kringskassan n\u00e4r SocMed hj\u00e4lper dig med insatser i syfte att&nbsp;f\u00f6rkorta eller f\u00f6rebygga sjukfall.<\/p>","protected":false},"excerpt":{"rendered":"<p>Kontakta oss Fyll i nedanst\u00e5ende kontaktformul\u00e4r s\u00e5 \u00e5terkommer vi till dig. Vi bjuder p\u00e5 en kostnadsfri konsultation g\u00e4llande fr\u00e5gor om sjukskrivningsprocessen, rehabilitering och arbets\u00e5terg\u00e5ng.\u00a0 Kom ih\u00e5g att du som arbetsgivare f\u00e5r tillbaka halva kostnaden fr\u00e5n F\u00f6rs\u00e4kringskassan n\u00e4r SocMed hj\u00e4lper dig med insatser i syfte att&nbsp;f\u00f6rkorta eller f\u00f6rebygga sjukfall.<\/p>\n","protected":false},"author":1,"featured_media":13971,"parent":0,"menu_order":0,"comment_status":"closed","ping_status":"closed","template":"","meta":{"footnotes":""},"class_list":["post-19","page","type-page","status-publish","has-post-thumbnail"],"_links":{"self":[{"href":"https:\/\/demo4.billigforetagshemsida.se\/index.php?rest_route=\/wp\/v2\/pages\/19","targetHints":{"allow":["GET"]}}],"collection":[{"href":"https:\/\/demo4.billigforetagshemsida.se\/index.php?rest_route=\/wp\/v2\/pages"}],"about":[{"href":"https:\/\/demo4.billigforetagshemsida.se\/index.php?rest_route=\/wp\/v2\/types\/page"}],"author":[{"embeddable":true,"href":"https:\/\/demo4.billigforetagshemsida.se\/index.php?rest_route=\/wp\/v2\/users\/1"}],"replies":[{"embeddable":true,"href":"https:\/\/demo4.billigforetagshemsida.se\/index.php?rest_route=%2Fwp%2Fv2%2Fcomments&post=19"}],"version-history":[{"count":3,"href":"https:\/\/demo4.billigforetagshemsida.se\/index.php?rest_route=\/wp\/v2\/pages\/19\/revisions"}],"predecessor-version":[{"id":14182,"href":"https:\/\/demo4.billigforetagshemsida.se\/index.php?rest_route=\/wp\/v2\/pages\/19\/revisions\/14182"}],"wp:featuredmedia":[{"embeddable":true,"href":"https:\/\/demo4.billigforetagshemsida.se\/index.php?rest_route=\/wp\/v2\/media\/13971"}],"wp:attachment":[{"href":"https:\/\/demo4.billigforetagshemsida.se\/index.php?rest_route=%2Fwp%2Fv2%2Fmedia&parent=19"}],"curies":[{"name":"wp","href":"https:\/\/api.w.org\/{rel}","templated":true}]}}