{"id":14225,"date":"2026-04-29T14:17:19","date_gmt":"2026-04-29T12:17:19","guid":{"rendered":"https:\/\/demo4.billigforetagshemsida.se\/?page_id=14225"},"modified":"2026-05-08T09:40:27","modified_gmt":"2026-05-08T07:40:27","slug":"hem-2","status":"publish","type":"page","link":"https:\/\/demo4.billigforetagshemsida.se\/","title":{"rendered":"Hem"},"content":{"rendered":"\n<div class=\"gb-element-85a86c87\">\n<div class=\"gb-element-f19e7e2c\">\n<div class=\"gb-element-8a3b39b7\">\n<img loading=\"lazy\" decoding=\"async\" width=\"884\" height=\"983\" class=\"gb-media-94b6f022\" alt=\"\" title=\"Sandra Jannas\" src=\"https:\/\/demo4.billigforetagshemsida.se\/wp-content\/uploads\/2026\/03\/Sandra-Jannas.jpg\" srcset=\"https:\/\/demo4.billigforetagshemsida.se\/wp-content\/uploads\/2026\/03\/Sandra-Jannas.jpg 884w, https:\/\/demo4.billigforetagshemsida.se\/wp-content\/uploads\/2026\/03\/Sandra-Jannas-270x300.jpg 270w, https:\/\/demo4.billigforetagshemsida.se\/wp-content\/uploads\/2026\/03\/Sandra-Jannas-768x854.jpg 768w\" sizes=\"auto, (max-width: 884px) 100vw, 884px\" \/>\n<\/div>\n\n\n\n<div class=\"gb-element-cf3be9a8\">\n<h2 class=\"wp-block-heading\">\u00c4r du arbetsgivare och vill st\u00f6dja dina medarbetare till ett h\u00e5llbart arbetsliv?<\/h2>\n\n\n\n<p>Vi p\u00e5 SocMed hj\u00e4lper dig!<\/p>\n\n\n\n<p>Vill ni ha en enkel, snabb och personlig f\u00f6retagsh\u00e4lsov\u00e5rd d\u00e4r insatserna anpassas efter&nbsp; era behov \u00e4r vi r\u00e4tt samarbetspartner f\u00f6r er!<\/p>\n\n\n\n<p>Vi \u00e4r med dig i s\u00e5v\u00e4l det f\u00f6rebyggande arbetet som vid \u00e5terg\u00e5ng i arbete efter en sjukskrivningsperiod. Vi har avtal med F\u00f6rs\u00e4kringskassan vilket g\u00f6r att kostnaden f\u00f6r arbetsgivaren halveras.<\/p>\n\n\n\n<div class=\"wp-block-buttons is-layout-flex wp-block-buttons-is-layout-flex\">\n<div class=\"wp-block-button\"><a class=\"wp-block-button__link wp-element-button\" style=\"border-top-left-radius:0px;border-top-right-radius:0px;border-bottom-left-radius:0px;border-bottom-right-radius:0px\">Kontakta oss f\u00f6r en kostnadsfri konsultation<\/a><\/div>\n<\/div>\n<\/div>\n<\/div>\n<\/div>\n\n\n\n<div class=\"gb-element-d715dfdc\">\n<div class=\"gb-element-5932adf7\">\n<div class=\"gb-element-ceca903a\">\n<img loading=\"lazy\" decoding=\"async\" width=\"399\" height=\"273\" class=\"gb-media-20a8ff71\" alt=\"\" title=\"arb-rehab-th\" src=\"https:\/\/demo4.billigforetagshemsida.se\/wp-content\/uploads\/2020\/12\/arb-rehab-th.jpg\" srcset=\"https:\/\/demo4.billigforetagshemsida.se\/wp-content\/uploads\/2020\/12\/arb-rehab-th.jpg 399w, https:\/\/demo4.billigforetagshemsida.se\/wp-content\/uploads\/2020\/12\/arb-rehab-th-300x205.jpg 300w\" sizes=\"auto, (max-width: 399px) 100vw, 399px\" \/>\n\n\n\n<h2 class=\"gb-text gb-text-2d595b1c\"><a href=\"https:\/\/socmed.nu\/arbetsplatsinriktat-rehabiliteringsstod\/\">Arbetsplatsinriktat rehabiliteringsst\u00f6d<\/a><\/h2>\n<\/div>\n\n\n\n<div class=\"gb-element-62756e3b\">\n<img loading=\"lazy\" decoding=\"async\" width=\"396\" height=\"271\" class=\"gb-media-d395c3ec\" alt=\"\" title=\"F\u00f6rel\u00e4sningar-th\" src=\"https:\/\/demo4.billigforetagshemsida.se\/wp-content\/uploads\/2020\/12\/Forelasningar-th.jpg\" srcset=\"https:\/\/demo4.billigforetagshemsida.se\/wp-content\/uploads\/2020\/12\/Forelasningar-th.jpg 396w, https:\/\/demo4.billigforetagshemsida.se\/wp-content\/uploads\/2020\/12\/Forelasningar-th-300x205.jpg 300w\" sizes=\"auto, (max-width: 396px) 100vw, 396px\" \/>\n\n\n\n<h2 class=\"gb-text gb-text-583963fd\"><a href=\"https:\/\/socmed.nu\/arbetsplatsinriktat-rehabiliteringsstod\/\"><\/a><a href=\"https:\/\/socmed.nu\/utbildning\/\">Utbildning<\/a><\/h2>\n<\/div>\n\n\n\n<div class=\"gb-element-29bfeafc\">\n<img loading=\"lazy\" decoding=\"async\" width=\"403\" height=\"271\" class=\"gb-media-44d2f362\" alt=\"\" title=\"Samtalsterapi\" src=\"https:\/\/demo4.billigforetagshemsida.se\/wp-content\/uploads\/2020\/12\/Samtalsterapi-th.jpg\" srcset=\"https:\/\/demo4.billigforetagshemsida.se\/wp-content\/uploads\/2020\/12\/Samtalsterapi-th.jpg 403w, https:\/\/demo4.billigforetagshemsida.se\/wp-content\/uploads\/2020\/12\/Samtalsterapi-th-300x202.jpg 300w\" sizes=\"auto, (max-width: 403px) 100vw, 403px\" \/>\n\n\n\n<h2 class=\"gb-text gb-text-4cceab83\"><a href=\"https:\/\/socmed.nu\/arbetsplatsinriktat-rehabiliteringsstod\/\"><\/a><a href=\"https:\/\/socmed.nu\/samtalsterapi\/\">Samtalsterapi<\/a><\/h2>\n<\/div>\n\n\n\n<div class=\"gb-element-6408eda9\">\n<img loading=\"lazy\" decoding=\"async\" width=\"400\" height=\"274\" class=\"gb-media-3cdbcaa3\" alt=\"\" title=\"socmed-Rehabkoordinering-th\" src=\"https:\/\/demo4.billigforetagshemsida.se\/wp-content\/uploads\/2026\/04\/socmed-Rehabkoordinering-th.jpg\" srcset=\"https:\/\/demo4.billigforetagshemsida.se\/wp-content\/uploads\/2026\/04\/socmed-Rehabkoordinering-th.jpg 400w, https:\/\/demo4.billigforetagshemsida.se\/wp-content\/uploads\/2026\/04\/socmed-Rehabkoordinering-th-300x206.jpg 300w\" sizes=\"auto, (max-width: 400px) 100vw, 400px\" \/>\n\n\n\n<h2 class=\"gb-text gb-text-d9ed4e85\"><a href=\"https:\/\/socmed.nu\/arbetsplatsinriktat-rehabiliteringsstod\/\"><\/a><a href=\"https:\/\/socmed.nu\/neuropsykiatrisk-utredning\/\">Rehabkoordinering<\/a><\/h2>\n<\/div>\n<\/div>\n<\/div>\n","protected":false},"excerpt":{"rendered":"<p>\u00c4r du arbetsgivare och vill st\u00f6dja dina medarbetare till ett h\u00e5llbart arbetsliv? Vi p\u00e5 SocMed hj\u00e4lper dig! Vill ni ha en enkel, snabb och personlig f\u00f6retagsh\u00e4lsov\u00e5rd d\u00e4r insatserna anpassas efter&nbsp; era behov \u00e4r vi r\u00e4tt samarbetspartner f\u00f6r er! Vi \u00e4r med dig i s\u00e5v\u00e4l det f\u00f6rebyggande arbetet som vid \u00e5terg\u00e5ng i arbete efter en sjukskrivningsperiod. &#8230; <a title=\"Hem\" class=\"read-more\" href=\"https:\/\/demo4.billigforetagshemsida.se\/\" aria-label=\"L\u00e4s mer om Hem\">L\u00e4s mer<\/a><\/p>\n","protected":false},"author":1,"featured_media":0,"parent":0,"menu_order":0,"comment_status":"closed","ping_status":"closed","template":"","meta":{"footnotes":""},"class_list":["post-14225","page","type-page","status-publish"],"_links":{"self":[{"href":"https:\/\/demo4.billigforetagshemsida.se\/index.php?rest_route=\/wp\/v2\/pages\/14225","targetHints":{"allow":["GET"]}}],"collection":[{"href":"https:\/\/demo4.billigforetagshemsida.se\/index.php?rest_route=\/wp\/v2\/pages"}],"about":[{"href":"https:\/\/demo4.billigforetagshemsida.se\/index.php?rest_route=\/wp\/v2\/types\/page"}],"author":[{"embeddable":true,"href":"https:\/\/demo4.billigforetagshemsida.se\/index.php?rest_route=\/wp\/v2\/users\/1"}],"replies":[{"embeddable":true,"href":"https:\/\/demo4.billigforetagshemsida.se\/index.php?rest_route=%2Fwp%2Fv2%2Fcomments&post=14225"}],"version-history":[{"count":12,"href":"https:\/\/demo4.billigforetagshemsida.se\/index.php?rest_route=\/wp\/v2\/pages\/14225\/revisions"}],"predecessor-version":[{"id":14256,"href":"https:\/\/demo4.billigforetagshemsida.se\/index.php?rest_route=\/wp\/v2\/pages\/14225\/revisions\/14256"}],"wp:attachment":[{"href":"https:\/\/demo4.billigforetagshemsida.se\/index.php?rest_route=%2Fwp%2Fv2%2Fmedia&parent=14225"}],"curies":[{"name":"wp","href":"https:\/\/api.w.org\/{rel}","templated":true}]}}