{"id":14101,"date":"2021-12-09T09:29:53","date_gmt":"2021-12-09T08:29:53","guid":{"rendered":"https:\/\/socmed.nu\/?page_id=14101"},"modified":"2026-04-29T14:42:07","modified_gmt":"2026-04-29T12:42:07","slug":"rehabkoordinering","status":"publish","type":"page","link":"https:\/\/demo4.billigforetagshemsida.se\/?page_id=14101","title":{"rendered":"Rehabkoordinering"},"content":{"rendered":"\n<div>\n<div class=\"gb-element-0be10c98\">\n<h2 class=\"wp-block-heading\">Rehabkoordinering <\/h2>\n\n\n\n<p>Vi p\u00e5 SocMed har l\u00e5ng erfarenhet av arbete med rehabkoordinering inom prim\u00e4rv\u00e5rden och \u00e5tar oss b\u00e5de kortare och l\u00e4ngre uppdrag. Ibland \u00e4r v\u00e5rdcentraler i behov av en tillf\u00e4llig l\u00f6sning under exempelvis f\u00f6r\u00e4ldraledighet eller p\u00e5g\u00e5ende rekrytering. Vi kan oftast ta emot patient\u00e4renden inom tv\u00e5 veckor fr\u00e5n f\u00f6rsta kontakten med oss.<\/p>\n\n\n\n<div class=\"wp-block-buttons is-layout-flex wp-block-buttons-is-layout-flex\">\n<div class=\"wp-block-button\"><a class=\"wp-block-button__link wp-element-button\" href=\"https:\/\/demo4.billigforetagshemsida.se\/?page_id=19\" style=\"border-top-left-radius:0px;border-top-right-radius:0px;border-bottom-left-radius:0px;border-bottom-right-radius:0px\"> Kontakta oss f\u00f6r en kostnadsfri konsultation<\/a><\/div>\n<\/div>\n<\/div>\n<\/div>\n","protected":false},"excerpt":{"rendered":"<p>Rehabkoordinering Vi p\u00e5 SocMed har l\u00e5ng erfarenhet av arbete med rehabkoordinering inom prim\u00e4rv\u00e5rden och \u00e5tar oss b\u00e5de kortare och l\u00e4ngre uppdrag. Ibland \u00e4r v\u00e5rdcentraler i behov av en tillf\u00e4llig l\u00f6sning under exempelvis f\u00f6r\u00e4ldraledighet eller p\u00e5g\u00e5ende rekrytering. Vi kan oftast ta emot patient\u00e4renden inom tv\u00e5 veckor fr\u00e5n f\u00f6rsta kontakten med oss.<\/p>\n","protected":false},"author":1,"featured_media":14212,"parent":0,"menu_order":0,"comment_status":"closed","ping_status":"closed","template":"","meta":{"footnotes":""},"class_list":["post-14101","page","type-page","status-publish","has-post-thumbnail"],"_links":{"self":[{"href":"https:\/\/demo4.billigforetagshemsida.se\/index.php?rest_route=\/wp\/v2\/pages\/14101","targetHints":{"allow":["GET"]}}],"collection":[{"href":"https:\/\/demo4.billigforetagshemsida.se\/index.php?rest_route=\/wp\/v2\/pages"}],"about":[{"href":"https:\/\/demo4.billigforetagshemsida.se\/index.php?rest_route=\/wp\/v2\/types\/page"}],"author":[{"embeddable":true,"href":"https:\/\/demo4.billigforetagshemsida.se\/index.php?rest_route=\/wp\/v2\/users\/1"}],"replies":[{"embeddable":true,"href":"https:\/\/demo4.billigforetagshemsida.se\/index.php?rest_route=%2Fwp%2Fv2%2Fcomments&post=14101"}],"version-history":[{"count":6,"href":"https:\/\/demo4.billigforetagshemsida.se\/index.php?rest_route=\/wp\/v2\/pages\/14101\/revisions"}],"predecessor-version":[{"id":14250,"href":"https:\/\/demo4.billigforetagshemsida.se\/index.php?rest_route=\/wp\/v2\/pages\/14101\/revisions\/14250"}],"wp:featuredmedia":[{"embeddable":true,"href":"https:\/\/demo4.billigforetagshemsida.se\/index.php?rest_route=\/wp\/v2\/media\/14212"}],"wp:attachment":[{"href":"https:\/\/demo4.billigforetagshemsida.se\/index.php?rest_route=%2Fwp%2Fv2%2Fmedia&parent=14101"}],"curies":[{"name":"wp","href":"https:\/\/api.w.org\/{rel}","templated":true}]}}