{"id":14027,"date":"2020-11-03T11:12:42","date_gmt":"2020-11-03T10:12:42","guid":{"rendered":"https:\/\/testsida.dk\/?page_id=9"},"modified":"2026-05-08T09:56:19","modified_gmt":"2026-05-08T07:56:19","slug":"om-oss","status":"publish","type":"page","link":"https:\/\/demo4.billigforetagshemsida.se\/?page_id=14027","title":{"rendered":"Om oss"},"content":{"rendered":"\n<div class=\"gb-element-85a86c87\">\n<div class=\"gb-element-f19e7e2c\">\n<div class=\"gb-element-8a3b39b7\">\n<img loading=\"lazy\" decoding=\"async\" width=\"1367\" height=\"1478\" class=\"gb-media-94b6f022\" alt=\"\" title=\"Sandra Jannas VD\" src=\"https:\/\/demo4.billigforetagshemsida.se\/wp-content\/uploads\/2026\/03\/Sandra-Jannas-VD.jpg\" srcset=\"https:\/\/demo4.billigforetagshemsida.se\/wp-content\/uploads\/2026\/03\/Sandra-Jannas-VD.jpg 1367w, https:\/\/demo4.billigforetagshemsida.se\/wp-content\/uploads\/2026\/03\/Sandra-Jannas-VD-277x300.jpg 277w, https:\/\/demo4.billigforetagshemsida.se\/wp-content\/uploads\/2026\/03\/Sandra-Jannas-VD-947x1024.jpg 947w, https:\/\/demo4.billigforetagshemsida.se\/wp-content\/uploads\/2026\/03\/Sandra-Jannas-VD-768x830.jpg 768w\" sizes=\"auto, (max-width: 1367px) 100vw, 1367px\" \/>\n<\/div>\n\n\n\n<div class=\"gb-element-cf3be9a8\">\n<h1 class=\"wp-block-heading\">Om SocMed<\/h1>\n\n\n\n<p>Sandra Jannas, \u00e4r legitimerad h\u00e4lso-och sjukv\u00e5rdskurator, terapeut och rehabkoordinator och har haft koordinering och samverkan som huvudfokus hela sitt yrkesliv.<\/p>\n\n\n\n<p>F\u00f6r n\u00e4rvarande arbetar Sandra med att utbilda v\u00e5rdpersonal i f\u00f6rs\u00e4kringsmedicinska fr\u00e5gor och st\u00f6tta chefer i arbetet med att planera f\u00f6r \u00e5terg\u00e5ng till arbete efter sjukskrivning.&nbsp; Hon har ocks\u00e5 uppdrag p\u00e5 S\u00f6dert\u00f6rns h\u00f6gskola d\u00e4r hon undervisar&nbsp; i bland annat samtalsmetodik och samverkan p\u00e5 H\u00e4lso-och sjukv\u00e5rdskuratorsprogrammet.<\/p>\n\n\n\n<p>Som kurator inom psykiatrin har Sandra arbetat med att ge utbildning och st\u00f6d till patienter med ADD\/ADHD och deras anh\u00f6riga. Inom kommunal socialtj\u00e4nst har hon erfarenhet fr\u00e5n arbete inom barnav\u00e5rd, missbruksv\u00e5rd, socialpsykiatri och v\u00e5ld i n\u00e4ra relationer.<\/p>\n\n\n\n<p>\u00d6nskar ni en konferencier\/moderator med f\u00f6rst\u00e5else f\u00f6r samh\u00e4llets strukturer och utmaningar, s\u00e5 ger Sandras gedigna kunskaper och sociala kapacitet en trygg plattform f\u00f6r er utbildningsdag.<\/p>\n\n\n\n<p>SocMed har \u00e4ven tillg\u00e5ng till l\u00e4kare (specialist i psykiatri och beroendemedicin) sjuksk\u00f6terska, psykolog, psykoterapeut och arbetsmilj\u00f6specialist.<\/p>\n<\/div>\n<\/div>\n<\/div>\n\n\n\n<div>\n<div class=\"gb-element-7794670a\"><\/div>\n<\/div>\n","protected":false},"excerpt":{"rendered":"<p>Om SocMed Sandra Jannas, \u00e4r legitimerad h\u00e4lso-och sjukv\u00e5rdskurator, terapeut och rehabkoordinator och har haft koordinering och samverkan som huvudfokus hela sitt yrkesliv. F\u00f6r n\u00e4rvarande arbetar Sandra med att utbilda v\u00e5rdpersonal i f\u00f6rs\u00e4kringsmedicinska fr\u00e5gor och st\u00f6tta chefer i arbetet med att planera f\u00f6r \u00e5terg\u00e5ng till arbete efter sjukskrivning.&nbsp; Hon har ocks\u00e5 uppdrag p\u00e5 S\u00f6dert\u00f6rns h\u00f6gskola d\u00e4r &#8230; <a title=\"Om oss\" class=\"read-more\" href=\"https:\/\/demo4.billigforetagshemsida.se\/?page_id=14027\" aria-label=\"L\u00e4s mer om Om oss\">L\u00e4s mer<\/a><\/p>\n","protected":false},"author":1,"featured_media":0,"parent":0,"menu_order":0,"comment_status":"closed","ping_status":"closed","template":"","meta":{"footnotes":""},"class_list":["post-14027","page","type-page","status-publish"],"_links":{"self":[{"href":"https:\/\/demo4.billigforetagshemsida.se\/index.php?rest_route=\/wp\/v2\/pages\/14027","targetHints":{"allow":["GET"]}}],"collection":[{"href":"https:\/\/demo4.billigforetagshemsida.se\/index.php?rest_route=\/wp\/v2\/pages"}],"about":[{"href":"https:\/\/demo4.billigforetagshemsida.se\/index.php?rest_route=\/wp\/v2\/types\/page"}],"author":[{"embeddable":true,"href":"https:\/\/demo4.billigforetagshemsida.se\/index.php?rest_route=\/wp\/v2\/users\/1"}],"replies":[{"embeddable":true,"href":"https:\/\/demo4.billigforetagshemsida.se\/index.php?rest_route=%2Fwp%2Fv2%2Fcomments&post=14027"}],"version-history":[{"count":8,"href":"https:\/\/demo4.billigforetagshemsida.se\/index.php?rest_route=\/wp\/v2\/pages\/14027\/revisions"}],"predecessor-version":[{"id":14261,"href":"https:\/\/demo4.billigforetagshemsida.se\/index.php?rest_route=\/wp\/v2\/pages\/14027\/revisions\/14261"}],"wp:attachment":[{"href":"https:\/\/demo4.billigforetagshemsida.se\/index.php?rest_route=%2Fwp%2Fv2%2Fmedia&parent=14027"}],"curies":[{"name":"wp","href":"https:\/\/api.w.org\/{rel}","templated":true}]}}